{"id":1319,"date":"2021-05-26T09:19:42","date_gmt":"2021-05-26T07:19:42","guid":{"rendered":"https:\/\/pm4health.com\/equipo\/"},"modified":"2021-06-19T12:49:27","modified_gmt":"2021-06-19T10:49:27","slug":"equipo","status":"publish","type":"page","link":"https:\/\/pm4health.com\/es\/equipo\/","title":{"rendered":"Equipo"},"content":{"rendered":"<p><strong>Process Mining para la Salud<\/strong>\u00a0naci\u00f3 a partir del trabajo de su fundador en 2009, a quien nos hemos unido para crear lo que <strong>PM4H<\/strong> es hoy. Para poder ofrecer las herramientas necesarias para indagar en los sistemas de salud y por consiguiente contribuir de forma muy valiosa al cuidado de los ciudadanos, <strong>PM4H<\/strong> fue concebido en una familia excelente cuya jornada empez\u00f3 en 1998 en el <strong>SABIEN <\/strong>(Innovaci\u00f3n Tecnol\u00f3gica para la Salud y el Bienestar), el cual forma parte del <strong> Instituto de Tecnolog\u00edas de la Informaci\u00f3n Aplicadas y Comunicaci\u00f3n Avanzada<\/strong>, un centro de excelencia para la investigaci\u00f3n y desarrollo del ICT afiliado a la <strong>Universitat Polit\u00e8cnica de Val\u00e8ncia<\/strong>.<\/p>\n<p>La experiencia cosechada por <strong>SABIEN<\/strong> de ICT aplicado en el \u00e1rea del cuidado de la salud es fruto de a\u00f1os de trabajo duro y participaci\u00f3n en multitud de proyectos. Como resultado, el grupo ha establecido acuerdos con un amplio rango de organizaciones privadas y gubernamentales, agrupando el conocimiento y aplicaciones y conviertiendo SABIEN en un estandar de oro en Process Mining aplicado en Salud, en niveles tanto nacionales como internacionales.<\/p>\n<p>Derivado de esta actividad, <strong>PM4H<\/strong> se ha convertido en una tecnolog\u00eda innovadora que trae todo el conocimiento adquirido durante estos a\u00f1os en el sector de la salud en una herramienta que ayuda en la transformaci\u00f3n digital de las organizaciones de la salud mediante el proveer una nueva forma de entender los datos.<\/p>\n","protected":false},"excerpt":{"rendered":"<p>Process Mining para la Salud\u00a0naci\u00f3 a partir del trabajo de su fundador en 2009, a quien nos hemos unido para crear lo que PM4H es hoy. Para poder ofrecer las herramientas necesarias para indagar en los sistemas de salud y por consiguiente contribuir de forma muy valiosa al cuidado de los ciudadanos, PM4H fue concebido&#8230;  <a href=\"https:\/\/pm4health.com\/es\/equipo\/\" class=\"more-link\" title=\"Read Equipo\">Read more &raquo;<\/a><\/p>\n","protected":false},"author":1,"featured_media":0,"parent":0,"menu_order":0,"comment_status":"closed","ping_status":"closed","template":"page-team.php","meta":[],"acf":[],"_links":{"self":[{"href":"https:\/\/pm4health.com\/es\/wp-json\/wp\/v2\/pages\/1319"}],"collection":[{"href":"https:\/\/pm4health.com\/es\/wp-json\/wp\/v2\/pages"}],"about":[{"href":"https:\/\/pm4health.com\/es\/wp-json\/wp\/v2\/types\/page"}],"author":[{"embeddable":true,"href":"https:\/\/pm4health.com\/es\/wp-json\/wp\/v2\/users\/1"}],"replies":[{"embeddable":true,"href":"https:\/\/pm4health.com\/es\/wp-json\/wp\/v2\/comments?post=1319"}],"version-history":[{"count":1,"href":"https:\/\/pm4health.com\/es\/wp-json\/wp\/v2\/pages\/1319\/revisions"}],"predecessor-version":[{"id":1320,"href":"https:\/\/pm4health.com\/es\/wp-json\/wp\/v2\/pages\/1319\/revisions\/1320"}],"wp:attachment":[{"href":"https:\/\/pm4health.com\/es\/wp-json\/wp\/v2\/media?parent=1319"}],"curies":[{"name":"wp","href":"https:\/\/api.w.org\/{rel}","templated":true}]}}