{"id":1323,"date":"2021-05-26T10:05:46","date_gmt":"2021-05-26T08:05:46","guid":{"rendered":"https:\/\/pm4health.com\/politica-de-cookies\/"},"modified":"2021-06-19T13:32:25","modified_gmt":"2021-06-19T11:32:25","slug":"politica-de-cookies","status":"publish","type":"page","link":"https:\/\/pm4health.com\/es\/politica-de-cookies\/","title":{"rendered":"Pol\u00edtica de Cookies"},"content":{"rendered":"<p><strong>POL\u00cdTICA DE PRIVACIDAD<\/strong><br \/>\nDe acuerdo con las provisiones de Regulaci\u00f3n (UE) 2016\/679, del 27 de Abril, con respecto a la proteci\u00f3n de las personas naturales  de acuerdo con el procesado de datos personales y la circulaci\u00f3n libre de estos datos (hereinafter, GPRD).<\/p>\n<p><strong>\u00bfCON QU\u00c9 PROP\u00d3SITO PROCESAMOS SUS DATOS?<\/strong><br \/>\n<strong>Sus datos personales solo ser\u00e1n usados con los siguientes prop\u00f3sitos:<\/strong><br \/>\nLa administraci\u00f3n de peticiones de informaci\u00f3n que se hacen a trav\u00e9s de la web o del correo de modo que se proporcione informaci\u00f3n sobre nuestros productos.<br \/>\nAdministraci\u00f3n pre-contractual en el evento en el que requiera una cita. <\/p>\n<p><strong>\u00bfCU\u00c1L ES LA LEGITIMACI\u00d3N PARA EL PROCESO DE SUS DATOS PERSONALES?<\/strong><br \/>\nExpresar el consentimiento del usuario a trav\u00e9s de la selecci\u00f3n de la caja para enviar la encuesta donde el consentimiento es verificado.<br \/>\n<strong>\u00bfPOR CU\u00c1NTO TIEMPO GUARDAREMOS SUS DATOS PERSONALES?<\/strong><br \/>\nLos datos personales que proporciona se guardar\u00e1n hasta que nuestra relaci\u00f3n de contrato o comercial se mantenga. De todos modos, a partir de la fecha de terminaci\u00f3n de nuestra relaci\u00f3n comercial o de contrato, sus datos se guardar\u00e1n:<br \/>\nUN A\u00d1O: aquellos derivados de conexiones hechas a trav\u00e9s del internet con nuestra web, correo y llamadas de voz telef\u00f3nicas, mensaje instant\u00e1neo, SMS o MMS.<br \/>\nEn caso que sea cliente nuestro, sus datos ser\u00e1n guardados:<br \/>\nCINCO A\u00d1OS para prop\u00f3sitos de tasas. Los libros de contabilidad y otros libros de registro obligatorios seg\u00fan la normativa fiscal aplicable (IRPF, IVA, IS, etc.) as\u00ed como los documentos de apoyo que justifican las anotaciones registradas en los libros.<br \/>\nCINCO A\u00d1OS. Los datos personales que incluyen los libros obligatorios, documentaci\u00f3n y documentos de ayuda con respecto mi actividad profesional ser\u00e1n guardados acorde al C\u00f3digo Comercial.<\/p>\n<p><strong>C\u00d3MO HE OBTENIDO SUS DATOS PERSONALES?<\/strong><br \/>\nLos datos obtenidos han sido dados por usted. <\/p>\n<p>\u00bfA QU\u00c9 RECEPTORES SER\u00c1N SUS DATOS COMUNICADOS?<br \/>\nNo hay ninguna transferencia de datos planeada, a excepci\u00f3n de la obligaci\u00f3n legal.<\/p>\n<p>CU\u00c1LES SON SUS DERECHOS CUANDO NOS PROPORCIONA SUS DATOS PERSONALES?<br \/>\nCualquier parte interesada puede pedir el ejercicio de los siguientes derechos:<\/p>\n<p>Derecho de acceso: El interesado tendr\u00e1 derecho a obtener confirmaci\u00f3n de si se est\u00e1n tratando o no datos personales que le conciernen.<br \/>\nDerecho de rectificaci\u00f3n: El interesado tendr\u00e1 derecho a obtener la rectificaci\u00f3n de los datos personales inexactos o incompletos que le conciernen.<br \/>\nDerecho de supresi\u00f3n: El interesado tendr\u00e1 derecho a obtener la supresi\u00f3n de los datos personales que le conciernen cuando los datos personales ya no sean necesarios en relaci\u00f3n con las finalidades para las que fueron recogidos o tratados de otro modo.<br \/>\nDerecho de limitaci\u00f3n: Puede solicitar la limitaci\u00f3n del tratamiento de sus datos personales, en cuyo caso \u00fanicamente se conservar\u00edan para el ejercicio o la defensa de reclamaciones.<br \/>\nDerecho a la portabilidad de tus datos: Por este motivo, puedes solicitar que tus datos personales automatizados sean cedidos o cedidos a cualquier otra empresa que nos indiques en un formato estructurado, inteligible y automatizado.<br \/>\nDerecho a retirar el consentimiento: Tendr\u00e1 derecho a retirar el consentimiento en cualquier momento, sin que ello afecte a la licitud del tratamiento basado en el consentimiento antes de su retirada.<br \/>\nDerecho de oposici\u00f3n: El interesado tendr\u00e1 derecho a oponerse al tratamiento de sus datos.<\/p>\n<p><strong>\u00bfQUI\u00c9N PUEDE EJERCER LOS DERECHOS?<\/strong><br \/>\nLos derechos de los interesados \u200b\u200bson muy personales, por tanto, ser\u00e1n ejercitados por el titular de los datos acreditando debidamente su identidad (para ello se solicitar\u00e1 el DNI o equivalente).<br \/>\nTambi\u00e9n podr\u00e1 ejercitarse mediante representaci\u00f3n legal, en cuyo caso, adem\u00e1s del DNI del interesado o equivalente, deber\u00e1 aportarse DNI y documento aut\u00e9ntico que acredite la representaci\u00f3n del tercero.<br \/>\n<strong>\u00bfCU\u00c1L SER\u00c1 NUESTRA OBLIGACI\u00d3N CUANDO EJERZA CUALQUIERA DE SUS DERECHOS?<\/strong><br \/>\nEl responsable del tratamiento deber\u00e1 dar respuesta a la solicitud que se le dirija en cualquier caso, con independencia de que se incluyan o no datos personales del afectado o interesado en su tratamiento.<br \/>\nEn el caso de que la solicitud no cumpla con los requisitos especificados, el responsable del archivo deber\u00e1 solicitar su correcci\u00f3n.<br \/>\nEl responsable del tratamiento responder\u00e1 a las solicitudes en el plazo de un mes a partir de la recepci\u00f3n de la solicitud. Este plazo puede ampliarse otros dos meses si es necesario, teniendo en cuenta la complejidad y el n\u00famero de solicitudes. El responsable informar\u00e1 al interesado de cualquiera de dichas pr\u00f3rrogas en el plazo de un mes desde la recepci\u00f3n de la solicitud, indicando los motivos del retraso.<\/p>\n<p><strong>DERECHO DE QUEJA ANTE LA AUTORIDAD DE CONTROL<\/strong><br \/>\nPuede solicitar la protecci\u00f3n de derechos que no hayan sido debidamente dirigidos a la Agencia Espa\u00f1ola de Protecci\u00f3n de Datos. Bien a trav\u00e9s de su portal web (https:\/\/pm4health.com\/), o bien escribiendo a su direcci\u00f3n postal (Camino de Vera s \/ n, edificio 8G, acceso B, primer piso, laboratorio SABIEN 1.027, 46022 Valencia).<\/p>\n<p><strong>\u00bfQU\u00c9 INFORMACI\u00d3N RECOGEMOS?<\/strong><br \/>\nEn general, puede utilizar el sitio web sin proporcionar ninguna informaci\u00f3n personal.<br \/>\nDisponemos de varios apartados en nuestro sitio web en los que existen formularios de recogida de datos personales que son necesarios para poder prestar los servicios que solicitas. Cuando nos env\u00edas alguno de estos formularios solicitando informaci\u00f3n, el usuario garantiza la autenticidad, exactitud y veracidad de toda la informaci\u00f3n que nos facilites, comprometi\u00e9ndose a mantener actualizados los datos personales que nos facilites para que respondan, en todo momento, a su situaci\u00f3n actual. El usuario ser\u00e1 el \u00fanico responsable de las manifestaciones falsas o inexactas y de los perjuicios que pudieran ocasionar.<br \/>\nLos datos personales que recopilamos son nombre, correo electr\u00f3nico y tel\u00e9fono.<\/p>\n<p><strong>\u00bfQU\u00c9 MEDIDAS TOMAMOS PARA MANTENER NUESTRA INFORMACI\u00d3N SEGURA?<\/strong><br \/>\nAplicamos  medidas t\u00e9cnicas y f\u00edsicas razonables para proteger la informaci\u00f3n que recogemos a trav\u00e9s de la p\u00e1gina web.<\/p>\n<p><strong>PROTECCI\u00d3N DE DATOS EN LAS REDES SOCIALES<\/strong><br \/>\nUsamos cuentas de Facebook, Youtube y Twitter para informar sobre nuestras actividades e interactuar con nuestros seguidores. Al hacerte seguidor de nosotros, consientes el tratamiento de los datos personales que se encuentren disponibles en tu perfil, exclusivamente para esa finalidad y \u00fanicamente en el entorno de Facebook y Twitter, de acuerdo con sus pol\u00edticas de uso y privacidad.<br \/>\nPuede ejercitar los derechos de acceso, rectificaci\u00f3n, supresi\u00f3n, limitaci\u00f3n, portabilidad de sus datos, retirada del consentimiento y oposici\u00f3n en la direcci\u00f3n de correo electr\u00f3nico lopd@info.es, responderemos a sus solicitudes en el marco y con las limitaciones derivadas del reglas de funcionamiento establecidas por Facebook y Twitter.<\/p>\n","protected":false},"excerpt":{"rendered":"<p>POL\u00cdTICA DE PRIVACIDAD De acuerdo con las provisiones de Regulaci\u00f3n (UE) 2016\/679, del 27 de Abril, con respecto a la proteci\u00f3n de las personas naturales de acuerdo con el procesado de datos personales y la circulaci\u00f3n libre de estos datos (hereinafter, GPRD). \u00bfCON QU\u00c9 PROP\u00d3SITO PROCESAMOS SUS DATOS? Sus datos personales solo ser\u00e1n usados con&#8230;  <a href=\"https:\/\/pm4health.com\/es\/politica-de-cookies\/\" class=\"more-link\" title=\"Read Pol\u00edtica de Cookies\">Read more &raquo;<\/a><\/p>\n","protected":false},"author":1,"featured_media":0,"parent":0,"menu_order":0,"comment_status":"closed","ping_status":"closed","template":"page-legal.php","meta":[],"acf":[],"_links":{"self":[{"href":"https:\/\/pm4health.com\/es\/wp-json\/wp\/v2\/pages\/1323"}],"collection":[{"href":"https:\/\/pm4health.com\/es\/wp-json\/wp\/v2\/pages"}],"about":[{"href":"https:\/\/pm4health.com\/es\/wp-json\/wp\/v2\/types\/page"}],"author":[{"embeddable":true,"href":"https:\/\/pm4health.com\/es\/wp-json\/wp\/v2\/users\/1"}],"replies":[{"embeddable":true,"href":"https:\/\/pm4health.com\/es\/wp-json\/wp\/v2\/comments?post=1323"}],"version-history":[{"count":1,"href":"https:\/\/pm4health.com\/es\/wp-json\/wp\/v2\/pages\/1323\/revisions"}],"predecessor-version":[{"id":1360,"href":"https:\/\/pm4health.com\/es\/wp-json\/wp\/v2\/pages\/1323\/revisions\/1360"}],"wp:attachment":[{"href":"https:\/\/pm4health.com\/es\/wp-json\/wp\/v2\/media?parent=1323"}],"curies":[{"name":"wp","href":"https:\/\/api.w.org\/{rel}","templated":true}]}}