{"id":1330,"date":"2021-05-26T10:18:26","date_gmt":"2021-05-26T08:18:26","guid":{"rendered":"https:\/\/pm4health.com\/consejo-legal\/"},"modified":"2021-06-19T13:31:41","modified_gmt":"2021-06-19T11:31:41","slug":"consejo-legal","status":"publish","type":"page","link":"https:\/\/pm4health.com\/es\/consejo-legal\/","title":{"rendered":"Consejo Legal"},"content":{"rendered":"<p><strong> Process Mining para la Salud (PM4H) <\/strong> forma parte del <strong> grupo SABIEN (Innovaci\u00f3n Tecnol\u00f3gica para la Salud y el Bienestar) <\/strong>, que forma parte del <strong> Instituto de Informaci\u00f3n Aplicada Tecnolog\u00edas y Comunicaci\u00f3n Avanzada (ITACA) <\/strong>, centro de excelencia para la investigaci\u00f3n y desarrollo de las TIC, con el objetivo de innovar y transferir sus productos y servicios de Investigaci\u00f3n y Desarrollo al sector p\u00fablico, la industria, el comercio y el sector servicios. El instituto ITACA, adscrito a la <strong> Universidad Polit\u00e9cnica de Valencia (UPV) <\/strong>, est\u00e1 ubicado en la Ciudad Polit\u00e9cnica de la Innovaci\u00f3n (CPI), con CIF Q4618002B, domicilio Camino de Vera s \/ n., 46022 Valencia, Espa\u00f1a y no puede asumir ninguna responsabilidad derivada del uso incorrecto, informaci\u00f3n inapropiada o ilegal que aparezca en las p\u00e1ginas de Internet de <a href=\"https:\/\/pm4health.com\/es\/\"> https:\/\/pm4health.com\/ <\/a>.<\/p>\n<p><strong> PROPIEDAD DE LA P\u00c1GINA <\/strong><br \/>\nEl grupo <strong> ITACA-SABIEN <\/strong>, ostenta la propiedad de la p\u00e1gina. Algunos recursos incluidos en \u00e9l han sido cedidos por sus autores para uso exclusivo en \u00e9l. El copyright \u00a9 del contenido cient\u00edfico e informativo pertenece al equipo de gestores y colaboradores de la web, en la medida en que hayan estado implicados en su creaci\u00f3n.<\/p>\n<p><strong> DESTINATARIOS DE LA INFORMACI\u00d3N <\/strong><br \/>\n<strong> PM4H <\/strong> es un portal corporativo, dirigido a gerentes, cl\u00ednicos y cualquier profesional relacionado con la salud, cuyo objetivo es difundir y presentar las actividades y servicios que ofrece Process Mining for Health. El portal le permite descargar documentos e informaci\u00f3n sobre varios aspectos de <strong> PM4H <\/strong>. Con los l\u00edmites establecidos en la ley, <a href=\"https:\/\/pm4health.com\/es\/?page_id=1325\"> https:\/\/pm4health.com\/ <\/a> no asume ninguna responsabilidad derivada de la falta de veracidad, integridad, actualizaci\u00f3n y veracidad de los datos o informaci\u00f3n contenida en sus p\u00e1ginas de Internet.<\/p>\n<p><strong> SEGURIDAD Y CONFIDENCIALIDAD <\/strong><br \/>\n<strong> ITACA-SABIEN <\/strong> tiene el compromiso de salvaguardar la identidad y privacidad de los datos personales, tanto de los visitantes del portal como de los pacientes individuales. Aunque a trav\u00e9s de nuestras p\u00e1ginas de libre acceso no tratamos datos personales sensibles, estamos sujetos a la legislaci\u00f3n espa\u00f1ola en materia de protecci\u00f3n de datos y a los principales c\u00f3digos \u00e9ticos vigentes.<\/p>\n<p><strong> ENLACES SALIENTES <\/strong><br \/>\nEsta p\u00e1gina ha incluido enlaces a otras p\u00e1ginas que pueden ser de inter\u00e9s para los visitantes. Estos sitios proporcionan, en nuestra opini\u00f3n, informaci\u00f3n \u00fatil. Esto no implica titularidad ni responsabilidad alguna por los contenidos de dichos enlaces, su actualizaci\u00f3n o condiciones de acceso; sin embargo, nos esforzamos por mantener dichos enlaces actualizados.<\/p>\n<p><strong> ENLACES INBOUND <\/strong><br \/>\nSe permiten enlaces a este sitio web, situaci\u00f3n que promovemos y fomentamos, sin ninguna autorizaci\u00f3n previa. Sin embargo, aquellos enlaces de entidades con fines de lucro y de comercio electr\u00f3nico deben ser previamente autorizados por el equipo del sitio web. En todos los casos, los enlaces deben representar una visualizaci\u00f3n completa de la web, es decir, no dentro de marcos ajenos, y siempre permitiendo que la direcci\u00f3n correcta de nuestra web aparezca en la barra del navegador. En el caso de tener dificultades t\u00e9cnicas para enlazarlos sin incluirnos en su marco, por favor contacte con los responsables de la Web.<\/p>\n<p><strong> PROPIEDAD INTELECTUAL: RESTRICCIONES AL USO DE LA INFORMACI\u00d3N <\/strong><br \/>\nLa propiedad intelectual de la informaci\u00f3n, sea del tipo que sea, contenida en el portal pertenece a sus autores. La difusi\u00f3n y reproducci\u00f3n de este son gratuitas, siempre que se cite debidamente su origen y autores, y el uso de dicha informaci\u00f3n no genera beneficios econ\u00f3micos o comerciales. Se autoriza la difusi\u00f3n p\u00fablica y gratuita, por cualquier medio, de los logos y banners de las marcas <strong> ITACA-SABIEN <\/strong> y <strong> PM4H <\/strong>, facilitando siempre un hiperenlace a su origen. Estas autorizaciones no implican cesi\u00f3n de la propiedad intelectual de la informaci\u00f3n utilizada, ni renuncia a emprender acciones legales en caso de incumplimiento de las condiciones de uso. Agradecemos que se nos comunique el uso o referencia a la informaci\u00f3n contenida en nuestras p\u00e1ginas. No obstante, para aquellas entidades con \u00e1nimo de lucro y portales dedicados al comercio electr\u00f3nico, la difusi\u00f3n y uso de la informaci\u00f3n contenida en <a href=\"https:\/\/pm4health.com\/es\/\"> https:\/\/pm4health.com\/&lt;\/ a&gt; estar\u00e1 sujeta a la autorizaci\u00f3n previa y expresa del grupo <strong> ITACA-SABIEN <\/strong>. Las im\u00e1genes contenidas en el portal, salvo notificaci\u00f3n expresa en contrario, son propiedad de <strong> ITACA-SABIEN <\/strong>, y de otras empresas de las que dicho grupo es licenciatario, y cuentan con derechos de autor protegidos. Por tanto, queda prohibido su uso p\u00fablico y difusi\u00f3n por cualquier medio.<\/a><\/p>\n<p><strong> POL\u00cdTICA DE PUBLICIDAD <\/strong><br \/>\n<strong> ITACA-SABIEN <\/strong>, en este momento, no se financia con ning\u00fan tipo de publicidad. En el caso de que se realice una campa\u00f1a publicitaria, los anuncios se colocar\u00e1n en las p\u00e1ginas del portal, se diferencia claramente del resto de contenidos con el t\u00e9rmino publicidad. En ning\u00fan caso se aceptar\u00e1 publicidad incompatible con la \u00e9tica del portal. Las eventuales referencias que se hagan en el portal a cualquier producto, servicio, proceso, enlace, hipertexto o cualquier otra informaci\u00f3n, utilizando la marca, el nombre comercial, o el nombre del fabricante o proveedor, que sean propiedad de terceros, no no constituye ni implica respaldo, patrocinio o recomendaci\u00f3n por parte de <strong> ITACA-SABIEN <\/strong>.<\/p>\n<p><strong> CONDICIONES GENERALES APLICABLES AL USO DEL PORTAL <\/strong><br \/>\n1.- La informaci\u00f3n que ofrece este portal es totalmente gratuita.<\/p>\n<p>2.- <strong> ITACA-SABIEN <\/strong> se reserva el derecho a modificar las condiciones o t\u00e9rminos de uso del portal, sin necesidad de previo aviso.<\/p>\n<p>3.- El uso de este portal se rige por el ordenamiento jur\u00eddico espa\u00f1ol y por las presentes condiciones generales.<\/p>\n<p>4.- Queda prohibido el uso del portal para cualquier actuaci\u00f3n contraria a la legislaci\u00f3n vigente y en especial, sin ser exhaustiva, las siguientes:<\/p>\n<ul>Env\u00edo de correo masivo no solicitado o spam.<\/ul>\n<ul>Cualquier forma de vulneraci\u00f3n de los derechos de terceros.<\/ul>\n<ul>Cualquier actividad que tenga contenido ilegal de alguna manera.<\/ul>\n<ul>Introducir virus inform\u00e1ticos, archivos defectuosos o programas que puedan ocasionar alg\u00fan da\u00f1o o perjuicio al portal, la Asociaci\u00f3n Espa\u00f1ola de Bancos de Tejidos o terceros.<\/ul>\n<ul>Utilice este sitio web con fines comerciales o para su propio prop\u00f3sito.<\/ul>\n<p>5.- Los titulares de <a href=\"https:\/\/pm4health.com\/es\/\"> https:\/\/pm4health.com\/ <\/a> no se hacen responsables, en ning\u00fan caso, de los da\u00f1os que pudieran ocasionarse a un terceros por parte de los usuarios del portal como consecuencia del uso il\u00edcito o inadecuado del mismo, ni como consecuencia de los contenidos e informaci\u00f3n accesibles o facilitados a trav\u00e9s del mismo, ni de los sitios enlazados al mismo. Los responsables ser\u00e1n los usuarios o terceros causantes de los da\u00f1os.<\/p>\n<p>6.- No se garantiza la disponibilidad y continuidad del funcionamiento del portal y de los servicios, por lo que no se har\u00e1 responsable de los da\u00f1os que pudieran ocasionarse como consecuencia de la falta de disponibilidad y \/ o continuidad.<\/p>\n<p><strong> Contacto <\/strong><br \/>\nPara cualquier duda o aclaraci\u00f3n, puede contactar con los responsables de la web. \u00a9 2020 PM4H. Actualizado el 19 de agosto de 2020.<\/p>\n","protected":false},"excerpt":{"rendered":"<p>Process Mining para la Salud (PM4H) forma parte del grupo SABIEN (Innovaci\u00f3n Tecnol\u00f3gica para la Salud y el Bienestar) , que forma parte del Instituto de Informaci\u00f3n Aplicada Tecnolog\u00edas y Comunicaci\u00f3n Avanzada (ITACA) , centro de excelencia para la investigaci\u00f3n y desarrollo de las TIC, con el objetivo de innovar y transferir sus productos y&#8230;  <a href=\"https:\/\/pm4health.com\/es\/consejo-legal\/\" class=\"more-link\" title=\"Read Consejo Legal\">Read more &raquo;<\/a><\/p>\n","protected":false},"author":1,"featured_media":0,"parent":0,"menu_order":0,"comment_status":"closed","ping_status":"closed","template":"page-legal.php","meta":[],"acf":[],"_links":{"self":[{"href":"https:\/\/pm4health.com\/es\/wp-json\/wp\/v2\/pages\/1330"}],"collection":[{"href":"https:\/\/pm4health.com\/es\/wp-json\/wp\/v2\/pages"}],"about":[{"href":"https:\/\/pm4health.com\/es\/wp-json\/wp\/v2\/types\/page"}],"author":[{"embeddable":true,"href":"https:\/\/pm4health.com\/es\/wp-json\/wp\/v2\/users\/1"}],"replies":[{"embeddable":true,"href":"https:\/\/pm4health.com\/es\/wp-json\/wp\/v2\/comments?post=1330"}],"version-history":[{"count":2,"href":"https:\/\/pm4health.com\/es\/wp-json\/wp\/v2\/pages\/1330\/revisions"}],"predecessor-version":[{"id":1359,"href":"https:\/\/pm4health.com\/es\/wp-json\/wp\/v2\/pages\/1330\/revisions\/1359"}],"wp:attachment":[{"href":"https:\/\/pm4health.com\/es\/wp-json\/wp\/v2\/media?parent=1330"}],"curies":[{"name":"wp","href":"https:\/\/api.w.org\/{rel}","templated":true}]}}