{"id":1334,"date":"2021-05-26T10:23:56","date_gmt":"2021-05-26T08:23:56","guid":{"rendered":"https:\/\/pm4health.com\/politica-de-privacidad\/"},"modified":"2021-06-19T13:36:27","modified_gmt":"2021-06-19T11:36:27","slug":"politica-de-privacidad","status":"publish","type":"page","link":"https:\/\/pm4health.com\/es\/politica-de-privacidad\/","title":{"rendered":"Pol\u00edtica de Privacidad"},"content":{"rendered":"<h1> POL\u00cdTICA DE PROTECCI\u00d3N DE DATOS <\/h1>\n<article id = \"post-906\" class = \"post-906 tipo de p\u00e1gina-estado-publicaci\u00f3n hentry\">\n<div class = \"contenido de entrada\">\n<p>Aviso legal de pm4health.com SABIEN act\u00faa como Responsable del tratamiento de los datos personales recogidos a trav\u00e9s del portal PM4H, salvo que se facilite otra informaci\u00f3n. SABIEN respeta toda la legislaci\u00f3n vigente en materia de protecci\u00f3n de datos personales, la privacidad de los usuarios, y la confidencialidad y seguridad de los datos personales, de acuerdo con lo establecido en la legislaci\u00f3n en materia de protecci\u00f3n de datos, en particular, el Reglamento 2016\/679 de la Uni\u00f3n y el Consejo de 27 de abril de 2016, adoptando todas las medidas t\u00e9cnicas y organizativas necesarias para evitar la p\u00e9rdida, mal uso, alteraci\u00f3n, acceso no autorizado y robo de los datos personales facilitados, teniendo en cuenta el estado tecnol\u00f3gico, la naturaleza de los datos personales. y los riesgos a los que est\u00e1 expuesto. En concreto, SABIEN informa a los usuarios de su portal mysphera.com que los datos personales s\u00f3lo podr\u00e1n obtenerse para su tratamiento si resultan adecuados, pertinentes y no excesivos para el \u00e1mbito y fines determinados, expl\u00edcitos y leg\u00edtimos, para los que fueron obtenidos. Se cancelar\u00e1n cuando dejen de ser necesarios o pertinentes para estos fines, o cuando su propietario solicite su cancelaci\u00f3n. Cuando pm4health.com recopila datos personales, los usuarios recibir\u00e1n una notificaci\u00f3n previa clara y espec\u00edfica de lo siguiente:<br \/>\n&#8211; el hecho de que se procesen datos personales;<\/p>\n<p>&#8211; la identidad y los datos de contacto del responsable del tratamiento;<\/p>\n<p>&#8211; los datos de contacto del delegado de protecci\u00f3n de datos;<\/p>\n<p>&#8211; los fines del procesamiento para los que est\u00e1n destinados los datos personales, as\u00ed como la base legal para el procesamiento;<\/p>\n<p>&#8211; los destinatarios o las categor\u00edas de destinatarios de los datos, si los hubiera;<\/p>\n<p>&#8211; si procede, el hecho de que el responsable del tratamiento tiene la intenci\u00f3n de transferir datos personales a un tercer pa\u00eds;<\/p>\n<p>&#8211; el per\u00edodo o los criterios para la conservaci\u00f3n de la informaci\u00f3n;<\/p>\n<p>&#8211; la existencia del derecho a solicitar al Responsable el acceso y la rectificaci\u00f3n o supresi\u00f3n de los datos personales o la restricci\u00f3n del tratamiento en relaci\u00f3n con el interesado, el derecho a la portabilidad de los datos u oponerse al tratamiento. Asimismo, la forma en que se podr\u00e1n ejercer los derechos mencionados;<\/p>\n<p>&#8211; cuando el procesamiento se basa en el consentimiento del interesado, la existencia del derecho a retirar este consentimiento en cualquier momento, sin afectar la licitud del procesamiento basado en el consentimiento previo; y, si el procesamiento no se basa en el consentimiento, su derecho a oponerse a dicho procesamiento;<\/p>\n<p>&#8211; el derecho a presentar una queja ante una autoridad supervisora;<\/p>\n<p>&#8211; la existencia, en su caso, de toma de decisiones automatizada, incluida la elaboraci\u00f3n de perfiles, y el ejercicio de los derechos asociados a este tratamiento.<\/p>\n<p>Toda la responsabilidad por la cumplimentaci\u00f3n de formularios con informaci\u00f3n falsa, inexacta, incompleta o desactualizada ser\u00e1 del usuario. Cualquier cesi\u00f3n de los datos personales de los usuarios de este portal a terceros ser\u00e1 debidamente comunicada a los afectados, especificando la identidad de los destinatarios de los datos y los usos a los que ser\u00e1n destinados.<\/p>\n<h1> COOKIES <\/h1>\n<p>Cookies y datos de navegaci\u00f3n. Este sitio web utiliza cookies propias y de terceros. Cualquier acci\u00f3n que no sea el bloque de la misma, as\u00ed como la forma expresa de solicitud del servicio o funcionalidad ligada a una cookie implica el consentimiento para su implementaci\u00f3n y uso. Tambi\u00e9n puede eliminar o eliminar las cookies manualmente desde las opciones de su navegador. En detalle, las cookies utilizadas y sus finalidades son:<\/p>\n<p>&#8211; Cookies de sesi\u00f3n: para gestionar las sesiones de los usuarios registrados. Proporcionan navegaci\u00f3n, acceso y personalizaci\u00f3n de contenidos, servicios y espacios espec\u00edficos para los usuarios registrados, manteniendo una sesi\u00f3n abierta dentro del servicio. Esta cookie caducar\u00eda en poco tiempo una vez que se cierre la sesi\u00f3n correspondiente. Adem\u00e1s, podemos utilizar una cookie de Facebook para los usuarios registrados a trav\u00e9s del identificador de dicha red social.<\/p>\n<p>&#8211; Cookies de redes sociales, como Facebook, Twitter o Youtube: para difundir o compartir contenidos espec\u00edficos a trav\u00e9s de dichos servicios o redes. En este caso, la cookie devuelve al usuario para que inicie sesi\u00f3n en los espacios anteriores e introduzca el contenido en su espacio o cuenta para poder compartirlo, por lo que se requiere tener en cuenta esos servicios. .<\/p>\n<p>&#8211; Google Analytics: registra datos de acceso, navegaci\u00f3n y visitas a nuestro sitio web a trav\u00e9s del Servicio Google Inc.<\/p>\n<p>&#8211; El tratamiento de los datos correspondientes a cookies de terceros, es decir, todos los primeros salvo las cookies de sesi\u00f3n a www.pm4health.com, corresponden a los responsables de los servicios que indiquen. SABIEN solo tiene acceso a datos an\u00f3nimos, por lo que no puede asociar esos datos por s\u00ed mismos a una persona en particular.<\/p>\n<\/div>\n<p><\/art\u00edculo><\/p>\n","protected":false},"excerpt":{"rendered":"<p>POL\u00cdTICA DE PROTECCI\u00d3N DE DATOS Aviso legal de pm4health.com SABIEN act\u00faa como Responsable del tratamiento de los datos personales recogidos a trav\u00e9s del portal PM4H, salvo que se facilite otra informaci\u00f3n. SABIEN respeta toda la legislaci\u00f3n vigente en materia de protecci\u00f3n de datos personales, la privacidad de los usuarios, y la confidencialidad y seguridad de&#8230;  <a href=\"https:\/\/pm4health.com\/es\/politica-de-privacidad\/\" class=\"more-link\" title=\"Read Pol\u00edtica de Privacidad\">Read more &raquo;<\/a><\/p>\n","protected":false},"author":1,"featured_media":0,"parent":0,"menu_order":0,"comment_status":"closed","ping_status":"closed","template":"page-legal.php","meta":[],"acf":[],"_links":{"self":[{"href":"https:\/\/pm4health.com\/es\/wp-json\/wp\/v2\/pages\/1334"}],"collection":[{"href":"https:\/\/pm4health.com\/es\/wp-json\/wp\/v2\/pages"}],"about":[{"href":"https:\/\/pm4health.com\/es\/wp-json\/wp\/v2\/types\/page"}],"author":[{"embeddable":true,"href":"https:\/\/pm4health.com\/es\/wp-json\/wp\/v2\/users\/1"}],"replies":[{"embeddable":true,"href":"https:\/\/pm4health.com\/es\/wp-json\/wp\/v2\/comments?post=1334"}],"version-history":[{"count":1,"href":"https:\/\/pm4health.com\/es\/wp-json\/wp\/v2\/pages\/1334\/revisions"}],"predecessor-version":[{"id":1355,"href":"https:\/\/pm4health.com\/es\/wp-json\/wp\/v2\/pages\/1334\/revisions\/1355"}],"wp:attachment":[{"href":"https:\/\/pm4health.com\/es\/wp-json\/wp\/v2\/media?parent=1334"}],"curies":[{"name":"wp","href":"https:\/\/api.w.org\/{rel}","templated":true}]}}